{"id":21617,"date":"2016-11-29T08:31:26","date_gmt":"2016-11-29T07:31:26","guid":{"rendered":"https:\/\/nasevelo.ch\/?page_id=21617"},"modified":"2026-02-19T15:16:54","modified_gmt":"2026-02-19T14:16:54","slug":"willkommen","status":"publish","type":"page","link":"https:\/\/nasevelo.ch\/so\/","title":{"rendered":"Willkommen"},"content":{"rendered":"<section class=\"wpb-content-wrapper\"><\/p>\n<p>[vc_row row_type=&#8221;row&#8221; type=&#8221;grid&#8221; icon_pack=&#8221;font_awesome&#8221; content_menu_fe_icon=&#8221;arrow_back&#8221; text_align=&#8221;center&#8221; padding_top=&#8221;110&#8243; padding_bottom=&#8221;110&#8243;][vc_column width=&#8221;1\/1&#8243;][vc_column_text]<\/p>\n<h1 style=\"text-align: center;\">Willkomme uf \u00fcsere Website<\/h1>\n<p>[\/vc_column_text][vc_separator type=&#8221;transparent&#8221; position=&#8221;center&#8221; up=&#8221;50&#8243; down=&#8221;0&#8243;][vc_column_text]<\/p>\n<h4 style=\"text-align: center;\">Jedes Gesicht ist einzigartig, jedes Augenpaar einmalig. Sollte dies nicht auch der Anspruch an eine Brille sein, mit der man sein Gesicht schm\u00fcckt und seine Pers\u00f6nlichkeit unterstreicht? Genau deshalb bieten wir Dir keine Massenware, sondern ausgew\u00e4hlte St\u00fccke mit einzigartigen Designs. Klasse statt Masse. Qualitativ hochwertig. Technisch durchdacht und nat\u00fcrlich stylisch! Seit 2008 bieten wir unseren Kunden ein entspanntes Ambiente rund ums Sehen. In unserer schnelllebigen Zeit, in der es doch leider oft nur um das \u00abIch &amp; Jetzt\u00bb, \u00abSofort\u00bb und \u00abBillig\u00bb geht, ziehen wir bewusst die Handbremse. Bei unseren Produkten achten wir auf bewusste und kontrollierbare Produktionsverfahren und -l\u00e4nder, denn uns liegt viel daran, einen m\u00f6glichst positiven Fussabdruck in unserer Gesellschaft zu hinterlassen. Einfach, unkompliziert, transparent &#8211; das ist unser Onlineshop. Hier kannst Du die hochwertigen Produkte unserer Schweizer Handelspartner bestellen.<\/h4>\n<p>[\/vc_column_text][\/vc_column][\/vc_row]<\/p><\/p>\n<\/section>","protected":false},"excerpt":{"rendered":"<p>[vc_row row_type=&#8221;row&#8221; type=&#8221;grid&#8221; icon_pack=&#8221;font_awesome&#8221; content_menu_fe_icon=&#8221;arrow_back&#8221; text_align=&#8221;center&#8221; padding_top=&#8221;110&#8243; padding_bottom=&#8221;110&#8243;][vc_column width=&#8221;1\/1&#8243;][vc_column_text] Willkomme uf \u00fcsere Website [\/vc_column_text][vc_separator type=&#8221;transparent&#8221; position=&#8221;center&#8221; up=&#8221;50&#8243; down=&#8221;0&#8243;][vc_column_text] Jedes Gesicht ist einzigartig, jedes Augenpaar einmalig. Sollte dies nicht auch der Anspruch an eine Brille sein, mit der man sein Gesicht schm\u00fcckt und seine Pers\u00f6nlichkeit unterstreicht?&#8230;<\/p>\n","protected":false},"author":1,"featured_media":0,"parent":0,"menu_order":3,"comment_status":"closed","ping_status":"closed","template":"blog-masonry.php","meta":{"footnotes":"","_links_to":"","_links_to_target":""},"class_list":["post-21617","page","type-page","status-publish","hentry"],"aioseo_notices":[],"_links":{"self":[{"href":"https:\/\/nasevelo.ch\/so\/wp-json\/wp\/v2\/pages\/21617","targetHints":{"allow":["GET"]}}],"collection":[{"href":"https:\/\/nasevelo.ch\/so\/wp-json\/wp\/v2\/pages"}],"about":[{"href":"https:\/\/nasevelo.ch\/so\/wp-json\/wp\/v2\/types\/page"}],"author":[{"embeddable":true,"href":"https:\/\/nasevelo.ch\/so\/wp-json\/wp\/v2\/users\/1"}],"replies":[{"embeddable":true,"href":"https:\/\/nasevelo.ch\/so\/wp-json\/wp\/v2\/comments?post=21617"}],"version-history":[{"count":88,"href":"https:\/\/nasevelo.ch\/so\/wp-json\/wp\/v2\/pages\/21617\/revisions"}],"predecessor-version":[{"id":23775,"href":"https:\/\/nasevelo.ch\/so\/wp-json\/wp\/v2\/pages\/21617\/revisions\/23775"}],"wp:attachment":[{"href":"https:\/\/nasevelo.ch\/so\/wp-json\/wp\/v2\/media?parent=21617"}],"curies":[{"name":"wp","href":"https:\/\/api.w.org\/{rel}","templated":true}]}}