{"id":21644,"date":"2016-11-30T14:17:35","date_gmt":"2016-11-30T13:17:35","guid":{"rendered":"https:\/\/nasevelo.ch\/?page_id=21644"},"modified":"2025-02-25T12:03:51","modified_gmt":"2025-02-25T11:03:51","slug":"nasevelo-team","status":"publish","type":"page","link":"https:\/\/nasevelo.ch\/so\/nasevelo-team\/","title":{"rendered":"Team"},"content":{"rendered":"<section class=\"wpb-content-wrapper\"><\/p>\n<p>[vc_row row_type=&#8221;row&#8221; type=&#8221;grid&#8221; icon_pack=&#8221;font_awesome&#8221; content_menu_fe_icon=&#8221;arrow_back&#8221; text_align=&#8221;center&#8221; padding_top=&#8221;110&#8243; padding_bottom=&#8221;110&#8243;][vc_column width=&#8221;1\/1&#8243;][vc_column_text]<\/p>\n<h1 style=\"text-align: center;\">\u00dcses Team<\/h1>\n<p>[\/vc_column_text][vc_separator type=&#8221;transparent&#8221; position=&#8221;center&#8221; up=&#8221;50&#8243; down=&#8221;0&#8243;][vc_column_text]<\/p>\n<h4 style=\"text-align: center;\">Vier unterschiedliche Charakteren. Wir komplettieren uns durch verschiedene St\u00e4rken und Talente. Nicht nur fachlich stimmt&#8217;s, sondern auch menschlich. Uns verbindet die Leidenschaft f\u00fcr unser Handwerk, die Begeisterung f\u00fcr Design und Stil sowie der Ehrgeiz, deine individuellen Bed\u00fcrfnisse zu erkennen und die f\u00fcr dich optimalste L\u00f6sung zu finden.<\/h4>\n<p>[\/vc_column_text][\/vc_column][\/vc_row]<\/p><\/p>\n<\/section>","protected":false},"excerpt":{"rendered":"<p>[vc_row row_type=&#8221;row&#8221; type=&#8221;grid&#8221; icon_pack=&#8221;font_awesome&#8221; content_menu_fe_icon=&#8221;arrow_back&#8221; text_align=&#8221;center&#8221; padding_top=&#8221;110&#8243; padding_bottom=&#8221;110&#8243;][vc_column width=&#8221;1\/1&#8243;][vc_column_text] \u00dcses Team [\/vc_column_text][vc_separator type=&#8221;transparent&#8221; position=&#8221;center&#8221; up=&#8221;50&#8243; down=&#8221;0&#8243;][vc_column_text] Vier unterschiedliche Charakteren. Wir komplettieren uns durch verschiedene St\u00e4rken und Talente. Nicht nur fachlich stimmt&#8217;s, sondern auch menschlich. Uns verbindet die Leidenschaft f\u00fcr unser Handwerk, die Begeisterung f\u00fcr Design&#8230;<\/p>\n","protected":false},"author":1,"featured_media":0,"parent":0,"menu_order":4,"comment_status":"closed","ping_status":"closed","template":"blog-masonry.php","meta":{"footnotes":"","_links_to":"","_links_to_target":""},"class_list":["post-21644","page","type-page","status-publish","hentry"],"aioseo_notices":[],"_links":{"self":[{"href":"https:\/\/nasevelo.ch\/so\/wp-json\/wp\/v2\/pages\/21644","targetHints":{"allow":["GET"]}}],"collection":[{"href":"https:\/\/nasevelo.ch\/so\/wp-json\/wp\/v2\/pages"}],"about":[{"href":"https:\/\/nasevelo.ch\/so\/wp-json\/wp\/v2\/types\/page"}],"author":[{"embeddable":true,"href":"https:\/\/nasevelo.ch\/so\/wp-json\/wp\/v2\/users\/1"}],"replies":[{"embeddable":true,"href":"https:\/\/nasevelo.ch\/so\/wp-json\/wp\/v2\/comments?post=21644"}],"version-history":[{"count":14,"href":"https:\/\/nasevelo.ch\/so\/wp-json\/wp\/v2\/pages\/21644\/revisions"}],"predecessor-version":[{"id":23687,"href":"https:\/\/nasevelo.ch\/so\/wp-json\/wp\/v2\/pages\/21644\/revisions\/23687"}],"wp:attachment":[{"href":"https:\/\/nasevelo.ch\/so\/wp-json\/wp\/v2\/media?parent=21644"}],"curies":[{"name":"wp","href":"https:\/\/api.w.org\/{rel}","templated":true}]}}