{"id":21670,"date":"2016-11-30T15:53:09","date_gmt":"2016-11-30T14:53:09","guid":{"rendered":"https:\/\/nasevelo.ch\/?page_id=21670"},"modified":"2025-02-25T12:11:19","modified_gmt":"2025-02-25T11:11:19","slug":"brillen","status":"publish","type":"page","link":"https:\/\/nasevelo.ch\/so\/brillen\/","title":{"rendered":"Br\u00fcue"},"content":{"rendered":"<section class=\"wpb-content-wrapper\"><p>[vc_row row_type=&#8221;row&#8221; type=&#8221;grid&#8221; icon_pack=&#8221;font_awesome&#8221; content_menu_fe_icon=&#8221;arrow_back&#8221; text_align=&#8221;center&#8221; padding_top=&#8221;110&#8243; padding_bottom=&#8221;110&#8243;][vc_column width=&#8221;1\/1&#8243;][vc_column_text]<\/p>\n<h1 style=\"text-align: center;\">\u00dcsi Br\u00fclle<\/h1>\n<p>[\/vc_column_text][vc_separator type=&#8221;transparent&#8221; position=&#8221;center&#8221; up=&#8221;50&#8243; down=&#8221;0&#8243;][vc_column_text]<\/p>\n<h4 style=\"text-align: center;\">Wir legen grossen Wert auf hochwertige Materialien, optimale Verarbeitung, ausgesuchte Designs und nachhaltige Produktion. Deshalb verzichten wir bewusst auf viele bekannte Marken, die auf Massenproduktion setzen. 08\/15 ist nicht unser Ding. Eine Brille ist f\u00fcr uns ein St\u00fcck Lebensqualit\u00e4t \u2013 und so stellen wir auch unser Sortiment zusammen.<\/h4>\n<p>[\/vc_column_text][\/vc_column][\/vc_row]<\/p>\n<\/section>","protected":false},"excerpt":{"rendered":"<p>[vc_row row_type=&#8221;row&#8221; type=&#8221;grid&#8221; icon_pack=&#8221;font_awesome&#8221; content_menu_fe_icon=&#8221;arrow_back&#8221; text_align=&#8221;center&#8221; padding_top=&#8221;110&#8243; padding_bottom=&#8221;110&#8243;][vc_column width=&#8221;1\/1&#8243;][vc_column_text] \u00dcsi Br\u00fclle [\/vc_column_text][vc_separator type=&#8221;transparent&#8221; position=&#8221;center&#8221; up=&#8221;50&#8243; down=&#8221;0&#8243;][vc_column_text] Wir legen grossen Wert auf hochwertige Materialien, optimale Verarbeitung, ausgesuchte Designs und nachhaltige Produktion. Deshalb verzichten wir bewusst auf viele bekannte Marken, die auf Massenproduktion setzen. 08\/15 ist nicht&#8230;<\/p>\n","protected":false},"author":1,"featured_media":0,"parent":0,"menu_order":5,"comment_status":"closed","ping_status":"closed","template":"blog-masonry.php","meta":{"footnotes":"","_links_to":"","_links_to_target":""},"class_list":["post-21670","page","type-page","status-publish","hentry"],"aioseo_notices":[],"_links":{"self":[{"href":"https:\/\/nasevelo.ch\/so\/wp-json\/wp\/v2\/pages\/21670","targetHints":{"allow":["GET"]}}],"collection":[{"href":"https:\/\/nasevelo.ch\/so\/wp-json\/wp\/v2\/pages"}],"about":[{"href":"https:\/\/nasevelo.ch\/so\/wp-json\/wp\/v2\/types\/page"}],"author":[{"embeddable":true,"href":"https:\/\/nasevelo.ch\/so\/wp-json\/wp\/v2\/users\/1"}],"replies":[{"embeddable":true,"href":"https:\/\/nasevelo.ch\/so\/wp-json\/wp\/v2\/comments?post=21670"}],"version-history":[{"count":10,"href":"https:\/\/nasevelo.ch\/so\/wp-json\/wp\/v2\/pages\/21670\/revisions"}],"predecessor-version":[{"id":23697,"href":"https:\/\/nasevelo.ch\/so\/wp-json\/wp\/v2\/pages\/21670\/revisions\/23697"}],"wp:attachment":[{"href":"https:\/\/nasevelo.ch\/so\/wp-json\/wp\/v2\/media?parent=21670"}],"curies":[{"name":"wp","href":"https:\/\/api.w.org\/{rel}","templated":true}]}}