{"id":21672,"date":"2016-11-30T15:58:49","date_gmt":"2016-11-30T14:58:49","guid":{"rendered":"https:\/\/nasevelo.ch\/?page_id=21672"},"modified":"2025-02-25T12:12:32","modified_gmt":"2025-02-25T11:12:32","slug":"sonnenbrillen","status":"publish","type":"page","link":"https:\/\/nasevelo.ch\/so\/sonnenbrillen\/","title":{"rendered":"Sunnebr\u00fcue"},"content":{"rendered":"<section class=\"wpb-content-wrapper\"><p>[vc_row row_type=&#8221;row&#8221; type=&#8221;grid&#8221; icon_pack=&#8221;font_awesome&#8221; content_menu_fe_icon=&#8221;arrow_back&#8221; text_align=&#8221;center&#8221; padding_top=&#8221;110&#8243; padding_bottom=&#8221;110&#8243;][vc_column width=&#8221;1\/1&#8243;][vc_column_text]<\/p>\n<h1 style=\"text-align: center;\">\u00dcsi Sunnebr\u00fcue<\/h1>\n<p>[\/vc_column_text][vc_separator type=&#8221;transparent&#8221; position=&#8221;center&#8221; up=&#8221;50&#8243; down=&#8221;0&#8243;][vc_column_text]<\/p>\n<h4 style=\"text-align: center;\">L\u00e4ngst gelten Sonnenbrillen als unverzichtbares Modeaccessoire. Etwa beim Sport oder beim Bummeln in der Stadt. Kein Wunder \u2013 ihre Vielfalt ist fast grenzenlos. Dadurch schaffst Du es, Deine Pers\u00f6nlichkeit je nach Wunsch zu unterstreichen oder zu ver\u00e4ndern. Und nur noch so nebenbei: Sie sch\u00fctzen Deine Augen!<\/h4>\n<p>[\/vc_column_text][\/vc_column][\/vc_row]<\/p>\n<\/section>","protected":false},"excerpt":{"rendered":"<p>[vc_row row_type=&#8221;row&#8221; type=&#8221;grid&#8221; icon_pack=&#8221;font_awesome&#8221; content_menu_fe_icon=&#8221;arrow_back&#8221; text_align=&#8221;center&#8221; padding_top=&#8221;110&#8243; padding_bottom=&#8221;110&#8243;][vc_column width=&#8221;1\/1&#8243;][vc_column_text] \u00dcsi Sunnebr\u00fcue [\/vc_column_text][vc_separator type=&#8221;transparent&#8221; position=&#8221;center&#8221; up=&#8221;50&#8243; down=&#8221;0&#8243;][vc_column_text] L\u00e4ngst gelten Sonnenbrillen als unverzichtbares Modeaccessoire. Etwa beim Sport oder beim Bummeln in der Stadt. Kein Wunder \u2013 ihre Vielfalt ist fast grenzenlos. Dadurch schaffst Du es, Deine Pers\u00f6nlichkeit&#8230;<\/p>\n","protected":false},"author":1,"featured_media":0,"parent":0,"menu_order":6,"comment_status":"closed","ping_status":"closed","template":"blog-masonry.php","meta":{"footnotes":"","_links_to":"","_links_to_target":""},"class_list":["post-21672","page","type-page","status-publish","hentry"],"aioseo_notices":[],"_links":{"self":[{"href":"https:\/\/nasevelo.ch\/so\/wp-json\/wp\/v2\/pages\/21672","targetHints":{"allow":["GET"]}}],"collection":[{"href":"https:\/\/nasevelo.ch\/so\/wp-json\/wp\/v2\/pages"}],"about":[{"href":"https:\/\/nasevelo.ch\/so\/wp-json\/wp\/v2\/types\/page"}],"author":[{"embeddable":true,"href":"https:\/\/nasevelo.ch\/so\/wp-json\/wp\/v2\/users\/1"}],"replies":[{"embeddable":true,"href":"https:\/\/nasevelo.ch\/so\/wp-json\/wp\/v2\/comments?post=21672"}],"version-history":[{"count":13,"href":"https:\/\/nasevelo.ch\/so\/wp-json\/wp\/v2\/pages\/21672\/revisions"}],"predecessor-version":[{"id":23698,"href":"https:\/\/nasevelo.ch\/so\/wp-json\/wp\/v2\/pages\/21672\/revisions\/23698"}],"wp:attachment":[{"href":"https:\/\/nasevelo.ch\/so\/wp-json\/wp\/v2\/media?parent=21672"}],"curies":[{"name":"wp","href":"https:\/\/api.w.org\/{rel}","templated":true}]}}